{"id":66,"date":"2014-08-05T10:08:08","date_gmt":"2014-08-05T08:08:08","guid":{"rendered":"http:\/\/www.infidelitas.eu\/?page_id=66"},"modified":"2017-04-25T19:56:40","modified_gmt":"2017-04-25T17:56:40","slug":"wettkaempfe","status":"publish","type":"page","link":"http:\/\/www.infidelitas.eu\/?page_id=66","title":{"rendered":"Ergebnisse"},"content":{"rendered":"<h2><span style=\"color: #0000ff;\">\u00a0<strong>N\u00e4chste L\u00e4ufe:<\/strong><\/span><\/h2>\n<p>&nbsp;<\/p>\n<table style=\"height: 229px;\" width=\"404\">\n<tbody>\n<tr>\n<td><\/td>\n<td><\/td>\n<\/tr>\n<tr>\n<td><\/td>\n<td><\/td>\n<\/tr>\n<tr>\n<td><\/td>\n<td><\/td>\n<\/tr>\n<tr>\n<td>\u00a02017.05.07<\/td>\n<td>Wings for Live Run<\/td>\n<\/tr>\n<tr>\n<td><\/td>\n<td><\/td>\n<\/tr>\n<tr>\n<td>\u00a02017.06.10<\/td>\n<td>Parktherme W\u00fcstenlauf<\/td>\n<\/tr>\n<tr>\n<td>\u00a02017.06.24<\/td>\n<td>\u00a0Frohnleiten<\/td>\n<\/tr>\n<tr>\n<td>\u00a02017.07.17<\/td>\n<td>Leibnitz Halbmarathon R\u00f6merlauf<\/td>\n<\/tr>\n<tr>\n<td>\u00a02017.08.20<\/td>\n<td>W\u00f6rthersee Halbmarathon<\/td>\n<\/tr>\n<tr>\n<td>\u00a02017.09.17<\/td>\n<td>Wachau Marathon<\/td>\n<\/tr>\n<tr>\n<td><\/td>\n<td><\/td>\n<\/tr>\n<tr>\n<td>\u00a02017.12.31<\/td>\n<td>Sylvesterlauf Graz<\/td>\n<\/tr>\n<tr>\n<td><\/td>\n<td><\/td>\n<\/tr>\n<\/tbody>\n<\/table>\n<hr \/>\n<p>&nbsp;<\/p>\n<h1><span style=\"color: #0000ff;\"><strong>Ergebnisse:<\/strong><\/span><\/h1>\n<h2 style=\"text-align: center;\"><span style=\"color: #0000ff; text-decoration: underline;\"><strong>2017<\/strong><\/span><\/h2>\n<p>&nbsp;<\/p>\n<table style=\"height: 229px;\" width=\"578\">\n<tbody>\n<tr>\n<td><\/td>\n<td><\/td>\n<td><\/td>\n<td><\/td>\n<\/tr>\n<tr>\n<td><\/td>\n<td><\/td>\n<td><\/td>\n<td><\/td>\n<\/tr>\n<tr>\n<td><\/td>\n<td><\/td>\n<td><\/td>\n<td><\/td>\n<\/tr>\n<tr>\n<td><\/td>\n<td><\/td>\n<td><\/td>\n<td><\/td>\n<\/tr>\n<tr>\n<td><\/td>\n<td><\/td>\n<td><\/td>\n<td><\/td>\n<\/tr>\n<tr>\n<td><\/td>\n<td><\/td>\n<td><\/td>\n<td><\/td>\n<\/tr>\n<tr>\n<td><\/td>\n<td><\/td>\n<td><\/td>\n<td><\/td>\n<\/tr>\n<tr>\n<td><\/td>\n<td><\/td>\n<td><\/td>\n<td><\/td>\n<\/tr>\n<tr>\n<td>\u00a02017.04.23<\/td>\n<td>\u00a0Vienna City Marathon<\/td>\n<td>\u00a042,195 km<\/td>\n<td>\u00a04:21,06 min<\/td>\n<\/tr>\n<tr>\n<td>\u00a02017.03.12<\/td>\n<td>\u00a0Barcelona Marathon<\/td>\n<td>\u00a042,195 km<\/td>\n<td>\u00a04:17,08 min<\/td>\n<\/tr>\n<\/tbody>\n<\/table>\n<h2 style=\"text-align: center;\"><\/h2>\n<hr \/>\n<h2 style=\"text-align: center;\"><\/h2>\n<h2 style=\"text-align: center;\"><span style=\"color: #0000ff; text-decoration: underline;\"><strong>2016<\/strong><\/span><\/h2>\n<p>&nbsp;<\/p>\n<table style=\"height: 66px;\" width=\"579\">\n<tbody>\n<tr>\n<td style=\"text-align: center;\">2016.12.31<\/td>\n<td style=\"text-align: center;\">Sylvesterlauf Graz<\/td>\n<td style=\"text-align: right;\">10 km<\/td>\n<td style=\"text-align: right;\"><\/td>\n<\/tr>\n<tr>\n<td style=\"text-align: center;\">2016.10.16<\/td>\n<td style=\"text-align: center;\">Gardasee Marthon<\/td>\n<td style=\"text-align: right;\">42,195 km<\/td>\n<td style=\"text-align: right;\">3:59.11 min<\/td>\n<\/tr>\n<tr>\n<td style=\"text-align: center;\">\u00a02016.10.09<\/td>\n<td style=\"text-align: center;\">Graz Halbmarathon (Pacemaker)<\/td>\n<td style=\"text-align: right;\">\u00a021,1 km<\/td>\n<td style=\"text-align: right;\">1:56.08 min<\/td>\n<\/tr>\n<tr>\n<td style=\"text-align: center;\">2016.09.18<\/td>\n<td style=\"text-align: center;\">Wachau Marathon<\/td>\n<td style=\"text-align: right;\">42,195 km<\/td>\n<td style=\"text-align: right;\">3:40,07 min<\/td>\n<\/tr>\n<tr>\n<td style=\"text-align: center;\">\u00a02016.08.21<\/td>\n<td style=\"text-align: center;\">\u00a0W\u00f6rthersee Halbmarathon<\/td>\n<td style=\"text-align: right;\">21,1 km<\/td>\n<td style=\"text-align: right;\">1:46,40 min<\/td>\n<\/tr>\n<tr>\n<td style=\"text-align: center;\">2016.07.14<\/td>\n<td style=\"text-align: center;\">R\u00f6merlauf Halbmarathon<\/td>\n<td style=\"text-align: right;\">21,1 km<\/td>\n<td style=\"text-align: right;\">1:47,51 min<\/td>\n<\/tr>\n<tr>\n<td style=\"text-align: center;\">\u00a02016.06.25<\/td>\n<td style=\"text-align: center;\">\u00a014. Intern. Mayr-Melnhof Frohnleiten Stadtlauf<\/td>\n<td style=\"text-align: right;\">9,6 km<\/td>\n<td style=\"text-align: right;\">50,29 min<\/td>\n<\/tr>\n<tr>\n<td style=\"text-align: center;\">2016.06.04<\/td>\n<td style=\"text-align: center;\">Parktherme W\u00fcstenlauf Halbmarathon<\/td>\n<td style=\"text-align: right;\">21,1 km<\/td>\n<td style=\"text-align: right;\">1:48,13 min<\/td>\n<\/tr>\n<tr>\n<td style=\"text-align: center;\">\u00a02016.05.12<\/td>\n<td style=\"text-align: center;\">\u00a0Die Woche E-Business Marathon<\/td>\n<td style=\"text-align: right;\">10,5 km<\/td>\n<td style=\"text-align: right;\">49,36 min<\/td>\n<\/tr>\n<tr>\n<td style=\"text-align: center;\">2016.05.08<\/td>\n<td style=\"text-align: center;\">\u00a0\u00a0Wings for Live World Run<\/td>\n<td style=\"text-align: right;\">19,73 km<\/td>\n<td style=\"text-align: right;\">1:47,44 min<\/td>\n<\/tr>\n<tr>\n<td style=\"text-align: center;\">\u00a02016.04.28<\/td>\n<td style=\"text-align: center;\">\u00a0Raiffeisen Businesslauf Graz<\/td>\n<td style=\"text-align: right;\">\u00a04,1 km<\/td>\n<td style=\"text-align: right;\">17,48 min<\/td>\n<\/tr>\n<tr>\n<td style=\"text-align: center;\">\u00a02016.04.10<\/td>\n<td style=\"text-align: center;\">NN Rotterdam Marathon<\/td>\n<td style=\"text-align: right;\">42,195 km<\/td>\n<td style=\"text-align: right;\">\u00a04:01,43 min<\/td>\n<\/tr>\n<\/tbody>\n<\/table>\n<p>&nbsp;<\/p>\n<hr \/>\n<p>&nbsp;<\/p>\n<h2 style=\"text-align: center;\"><span style=\"color: #0000ff; text-decoration: underline;\"><strong>2015<\/strong><\/span><\/h2>\n<p>&nbsp;<\/p>\n<table style=\"height: 138px;\" width=\"567\">\n<tbody>\n<tr>\n<td>2015.12.31<\/td>\n<td>Silvesterlauf Graz<\/td>\n<td style=\"text-align: right;\">10 km<\/td>\n<td style=\"text-align: right;\">53,27 min<\/td>\n<\/tr>\n<tr>\n<td>2015.10.18<\/td>\n<td>40. TSC Amsterdam Marathon<\/td>\n<td style=\"text-align: right;\">42,195 km<\/td>\n<td style=\"text-align: right;\">4:02,37 min<\/td>\n<\/tr>\n<tr>\n<td>2015.10.04<\/td>\n<td>Drei L\u00e4nder Marathon Bodensee<\/td>\n<td style=\"text-align: right;\">42,195 km<\/td>\n<td style=\"text-align: right;\">3:54,35 min<\/td>\n<\/tr>\n<tr>\n<td>2015.09.13<\/td>\n<td>18. Internationaler Wachau Marathon<\/td>\n<td style=\"text-align: right;\">42,195 km<\/td>\n<td style=\"text-align: right;\">3:56,46 min<\/td>\n<\/tr>\n<tr>\n<td>2015.08.23<\/td>\n<td>W\u00f6rthersee-Halbmarathon<\/td>\n<td style=\"text-align: right;\">21.1 km<\/td>\n<td style=\"text-align: right;\">1:44,36 min<\/td>\n<\/tr>\n<tr>\n<td>2015.07.18<\/td>\n<td><span style=\"color: #000000;\">R\u00f6merlauf Halbmarthon<\/span><\/td>\n<td style=\"text-align: right;\">21.1 km<\/td>\n<td style=\"text-align: right;\">1:51,19 min<\/td>\n<\/tr>\n<tr>\n<td>2015.06.27<\/td>\n<td><span style=\"color: #000000;\">13.Intern. Mayr-Melnhof Stadtlauf in Frohnleiten<\/span><\/td>\n<td style=\"text-align: right;\">9,2 km<\/td>\n<td style=\"text-align: right;\">46,06 min<\/td>\n<\/tr>\n<tr>\n<td>2015.05.30<\/td>\n<td>W\u00fcstenlauf Bad Radkersburg (Halbmarathon)<\/td>\n<td style=\"text-align: right;\">21,1 km<\/td>\n<td style=\"text-align: right;\">1:46,32 min<\/td>\n<\/tr>\n<tr>\n<td>2015.05.21<\/td>\n<td>Businesslauf Graz Stadt<\/td>\n<td style=\"text-align: right;\">4,1 km<\/td>\n<td style=\"text-align: right;\">17,25 min<\/td>\n<\/tr>\n<tr>\n<td>2015.05.07<\/td>\n<td>Businesslauf Graz Schwarzl See<\/td>\n<td style=\"text-align: right;\">5,2 km<\/td>\n<td style=\"text-align: right;\">23,54 min<\/td>\n<\/tr>\n<tr>\n<td>2015.05.03<\/td>\n<td>Wings for Live World Run St. P\u00f6lten<\/td>\n<td style=\"text-align: right;\">28,050 km<\/td>\n<td style=\"text-align: right;\">2:18,57 min<\/td>\n<\/tr>\n<tr>\n<td>2015.04.12<\/td>\n<td>Vienna City Marathon<\/td>\n<td style=\"text-align: right;\">42,195 km<\/td>\n<td style=\"text-align: right;\">3:51,07 min<\/td>\n<\/tr>\n<\/tbody>\n<\/table>\n<p>&nbsp;<\/p>\n<hr \/>\n<h1 style=\"text-align: center;\"><span style=\"text-decoration: underline;\"><span style=\"color: #0000ff; text-decoration: underline;\"><strong>2014<\/strong><\/span><\/span><\/h1>\n<p>&nbsp;<\/p>\n<table style=\"height: 183px;\" width=\"568\">\n<tbody>\n<tr>\n<td>\u00a02014.12.31<\/td>\n<td>Silvesterlauf Graz<\/td>\n<td style=\"text-align: right;\">\u00a010 km<\/td>\n<td style=\"text-align: right;\">\u00a047.26 min<\/td>\n<\/tr>\n<tr>\n<td>\u00a02014.10.12<\/td>\n<td>Graz Halbmarathon<\/td>\n<td style=\"text-align: right;\">\u00a021.1 km<\/td>\n<td style=\"text-align: right;\">\u00a01:46,51 min<\/td>\n<\/tr>\n<tr>\n<td>\u00a02014.10.04<\/td>\n<td>Drei L\u00e4nder Marathon Bodensee<\/td>\n<td style=\"text-align: right;\">\u00a042.195 km<\/td>\n<td style=\"text-align: right;\">\u00a04:04,12 min<\/td>\n<\/tr>\n<tr>\n<td>\u00a02014 09 14<\/td>\n<td>Feldbach- 30. Internationaler Steirer Kren Stadtlauf<\/td>\n<td style=\"text-align: right;\">\u00a010,17 km<\/td>\n<td style=\"text-align: right;\">\u00a045,18 min<\/td>\n<\/tr>\n<tr>\n<td>\u00a02014.08.24<\/td>\n<td>W\u00f6rtersee Marathon (Halbmarathon)<\/td>\n<td style=\"text-align: right;\">\u00a021,1 km<\/td>\n<td style=\"text-align: right;\">\u00a01:47,18 min<\/td>\n<\/tr>\n<tr>\n<td>\u00a02014.05.19<\/td>\n<td><span style=\"color: #000000;\">Businesslauf Graz Stadt<\/span><\/td>\n<td style=\"text-align: right;\">\u00a0<span style=\"color: #000000;\">4,10 km<\/span><\/td>\n<td style=\"text-align: right;\">\u00a0<span style=\"color: #000000;\">17,51 min<\/span><\/td>\n<\/tr>\n<tr>\n<td>\u00a02014.05.04<\/td>\n<td>Wings for Live World Run St. P\u00f6lten<\/td>\n<td style=\"text-align: right;\">\u00a025.81 km<\/td>\n<td style=\"text-align: right;\">\u00a02:10,17 min<\/td>\n<\/tr>\n<\/tbody>\n<\/table>\n<p><span style=\"color: #000000;\">\u00a0\u00a0\u00a0\u00a0\u00a0\u00a0\u00a0\u00a0\u00a0<\/span><\/p>\n<h1 style=\"text-align: center;\"><strong><span style=\"text-decoration: underline;\"><span style=\"color: #0000ff; text-decoration: underline;\">2013<\/span><\/span><\/strong><\/h1>\n<p>&nbsp;<\/p>\n<table style=\"height: 24px;\" width=\"573\">\n<tbody>\n<tr>\n<td>\u00a02013.09.15<\/td>\n<td>Feldbach- 29. Internationaler Steirer Kren Stadtlauf<\/td>\n<td style=\"text-align: right;\">\u00a010,17 km<\/td>\n<td style=\"text-align: right;\">50,32 min<\/td>\n<\/tr>\n<\/tbody>\n<\/table>\n","protected":false},"excerpt":{"rendered":"<p>\u00a0N\u00e4chste L\u00e4ufe: &nbsp; \u00a02017.05.07 Wings for Live Run \u00a02017.06.10 Parktherme W\u00fcstenlauf \u00a02017.06.24 \u00a0Frohnleiten \u00a02017.07.17 Leibnitz Halbmarathon R\u00f6merlauf \u00a02017.08.20 W\u00f6rthersee Halbmarathon \u00a02017.09.17 Wachau Marathon \u00a02017.12.31 Sylvesterlauf Graz &nbsp; Ergebnisse: 2017 &nbsp; \u00a02017.04.23 \u00a0Vienna City Marathon \u00a042,195 km \u00a04:21,06 min \u00a02017.03.12 \u00a0Barcelona Marathon \u00a042,195 km \u00a04:17,08 min 2016 &nbsp; 2016.12.31 Sylvesterlauf Graz 10 km 2016.10.16 Gardasee Marthon &hellip; <\/p>\n<p><a class=\"more-link btn\" href=\"http:\/\/www.infidelitas.eu\/?page_id=66\">Weiterlesen<\/a><\/p>\n","protected":false},"author":1,"featured_media":0,"parent":21,"menu_order":0,"comment_status":"open","ping_status":"open","template":"","meta":{"jetpack_post_was_ever_published":false,"footnotes":""},"class_list":["post-66","page","type-page","status-publish","hentry","nodate","item-wrap"],"jetpack_shortlink":"https:\/\/wp.me\/P4Tc2b-14","jetpack_sharing_enabled":true,"jetpack-related-posts":[{"id":21,"url":"http:\/\/www.infidelitas.eu\/?page_id=21","url_meta":{"origin":66,"position":0},"title":"Laufen","author":"Thomas","date":"4. August 2014","format":false,"excerpt":"Der Countdown l\u00e4uft, und ich auch. Aber leider hinterher. Der W\u00f6rtersee Halbmarathon kommt in riesen Schritten n\u00e4her und n\u00e4her.","rel":"","context":"\u00c4hnlicher Beitrag","block_context":{"text":"\u00c4hnlicher Beitrag","link":""},"img":{"alt_text":"","src":"https:\/\/i0.wp.com\/www.infidelitas.eu\/wp-content\/uploads\/2014\/08\/CAM01076-e1407184380848.jpg?fit=1200%2C432&resize=350%2C200","width":350,"height":200,"srcset":"https:\/\/i0.wp.com\/www.infidelitas.eu\/wp-content\/uploads\/2014\/08\/CAM01076-e1407184380848.jpg?fit=1200%2C432&resize=350%2C200 1x, https:\/\/i0.wp.com\/www.infidelitas.eu\/wp-content\/uploads\/2014\/08\/CAM01076-e1407184380848.jpg?fit=1200%2C432&resize=525%2C300 1.5x, https:\/\/i0.wp.com\/www.infidelitas.eu\/wp-content\/uploads\/2014\/08\/CAM01076-e1407184380848.jpg?fit=1200%2C432&resize=700%2C400 2x, https:\/\/i0.wp.com\/www.infidelitas.eu\/wp-content\/uploads\/2014\/08\/CAM01076-e1407184380848.jpg?fit=1200%2C432&resize=1050%2C600 3x"},"classes":[]}],"jetpack_likes_enabled":true,"_links":{"self":[{"href":"http:\/\/www.infidelitas.eu\/index.php?rest_route=\/wp\/v2\/pages\/66","targetHints":{"allow":["GET"]}}],"collection":[{"href":"http:\/\/www.infidelitas.eu\/index.php?rest_route=\/wp\/v2\/pages"}],"about":[{"href":"http:\/\/www.infidelitas.eu\/index.php?rest_route=\/wp\/v2\/types\/page"}],"author":[{"embeddable":true,"href":"http:\/\/www.infidelitas.eu\/index.php?rest_route=\/wp\/v2\/users\/1"}],"replies":[{"embeddable":true,"href":"http:\/\/www.infidelitas.eu\/index.php?rest_route=%2Fwp%2Fv2%2Fcomments&post=66"}],"version-history":[{"count":57,"href":"http:\/\/www.infidelitas.eu\/index.php?rest_route=\/wp\/v2\/pages\/66\/revisions"}],"predecessor-version":[{"id":1860,"href":"http:\/\/www.infidelitas.eu\/index.php?rest_route=\/wp\/v2\/pages\/66\/revisions\/1860"}],"up":[{"embeddable":true,"href":"http:\/\/www.infidelitas.eu\/index.php?rest_route=\/wp\/v2\/pages\/21"}],"wp:attachment":[{"href":"http:\/\/www.infidelitas.eu\/index.php?rest_route=%2Fwp%2Fv2%2Fmedia&parent=66"}],"curies":[{"name":"wp","href":"https:\/\/api.w.org\/{rel}","templated":true}]}}