{"id":21,"date":"2014-08-04T20:33:50","date_gmt":"2014-08-04T18:33:50","guid":{"rendered":"http:\/\/www.infidelitas.eu\/?page_id=21"},"modified":"2014-08-04T22:46:18","modified_gmt":"2014-08-04T20:46:18","slug":"laufen","status":"publish","type":"page","link":"http:\/\/www.infidelitas.eu\/?page_id=21","title":{"rendered":"Laufen"},"content":{"rendered":"<p>Der Countdown l\u00e4uft, und ich auch. Aber leider hinterher. Der W\u00f6rtersee Halbmarathon kommt in riesen Schritten n\u00e4her und n\u00e4her.<\/p>\n","protected":false},"excerpt":{"rendered":"<p>Der Countdown l\u00e4uft, und ich auch. Aber leider hinterher. Der W\u00f6rtersee Halbmarathon kommt in riesen Schritten n\u00e4her und n\u00e4her.<\/p>\n","protected":false},"author":1,"featured_media":59,"parent":0,"menu_order":0,"comment_status":"open","ping_status":"open","template":"","meta":{"jetpack_post_was_ever_published":false,"footnotes":""},"class_list":["post-21","page","type-page","status-publish","has-post-thumbnail","hentry","nodate","item-wrap"],"jetpack_shortlink":"https:\/\/wp.me\/P4Tc2b-l","jetpack_sharing_enabled":true,"jetpack-related-posts":[{"id":2,"url":"http:\/\/www.infidelitas.eu\/?page_id=2","url_meta":{"origin":21,"position":0},"title":"zu meiner Person","author":"Thomas","date":"2. August 2014","format":false,"excerpt":"\" Infidelitas\" der Ungl\u00e4ubige. Diesen Beinamen tr\u00e4gt Thomas. Und in vielen Dingen ist das wohl auch so. Ich Denke dieser Name ist durchaus sehr treffend f\u00fcr meine Person. Immer zweifelnd, oft auch Rechthaberisch, Wankelm\u00fctig. Meine Motive! seit 2007 arbeite ich in einem Raum ohne Fenster, ohne Tageslicht. Um dieses Manko\u2026","rel":"","context":"\u00c4hnlicher Beitrag","block_context":{"text":"\u00c4hnlicher Beitrag","link":""},"img":{"alt_text":"","src":"","width":0,"height":0},"classes":[]},{"id":66,"url":"http:\/\/www.infidelitas.eu\/?page_id=66","url_meta":{"origin":21,"position":1},"title":"Ergebnisse","author":"Thomas","date":"5. August 2014","format":false,"excerpt":"\u00a0N\u00e4chste L\u00e4ufe: \u00a0 \u00a02017.05.07 Wings for Live Run \u00a02017.06.10 Parktherme W\u00fcstenlauf \u00a02017.06.24 \u00a0Frohnleiten \u00a02017.07.17 Leibnitz Halbmarathon R\u00f6merlauf \u00a02017.08.20 W\u00f6rthersee Halbmarathon \u00a02017.09.17 Wachau Marathon \u00a02017.12.31 Sylvesterlauf Graz \u00a0 Ergebnisse: 2017 \u00a0 \u00a02017.04.23 \u00a0Vienna City Marathon \u00a042,195 km \u00a04:21,06 min \u00a02017.03.12 \u00a0Barcelona Marathon \u00a042,195 km \u00a04:17,08 min 2016 \u00a0 2016.12.31 Sylvesterlauf Graz\u2026","rel":"","context":"Mit 1 Kommentar","block_context":{"text":"Mit 1 Kommentar","link":"http:\/\/www.infidelitas.eu\/?page_id=66#comments"},"img":{"alt_text":"","src":"","width":0,"height":0},"classes":[]},{"id":45,"url":"http:\/\/www.infidelitas.eu\/?page_id=45","url_meta":{"origin":21,"position":2},"title":"Biken","author":"Thomas","date":"4. August 2014","format":false,"excerpt":"Seit 2008 bin ich auf zwei R\u00e4dern in Europa unterwegs! Zuerst mit einer Transalp, und seit 2011 mit der Varadero.","rel":"","context":"\u00c4hnlicher Beitrag","block_context":{"text":"\u00c4hnlicher Beitrag","link":""},"img":{"alt_text":"Meine Varadero","src":"https:\/\/i0.wp.com\/www.infidelitas.eu\/wp-content\/uploads\/2014\/08\/IMG_1564-e1407180914381.jpg?fit=1200%2C351&resize=350%2C200","width":350,"height":200,"srcset":"https:\/\/i0.wp.com\/www.infidelitas.eu\/wp-content\/uploads\/2014\/08\/IMG_1564-e1407180914381.jpg?fit=1200%2C351&resize=350%2C200 1x, https:\/\/i0.wp.com\/www.infidelitas.eu\/wp-content\/uploads\/2014\/08\/IMG_1564-e1407180914381.jpg?fit=1200%2C351&resize=525%2C300 1.5x, https:\/\/i0.wp.com\/www.infidelitas.eu\/wp-content\/uploads\/2014\/08\/IMG_1564-e1407180914381.jpg?fit=1200%2C351&resize=700%2C400 2x, https:\/\/i0.wp.com\/www.infidelitas.eu\/wp-content\/uploads\/2014\/08\/IMG_1564-e1407180914381.jpg?fit=1200%2C351&resize=1050%2C600 3x"},"classes":[]},{"id":631,"url":"http:\/\/www.infidelitas.eu\/?page_id=631","url_meta":{"origin":21,"position":3},"title":"Meine Links","author":"Thomas","date":"2. M\u00e4rz 2015","format":false,"excerpt":"Laufen: \u00a0 Pentek Timing Laufkalender 24 RunMe Laufkalender Sparkasse running Vienna City Marathon 3 L\u00e4nder Marathon K\u00e4rnten L\u00e4uft Wings for Live World Run Amsterdam Marathon Wachau Marathon R\u00f6merlauf Leibnitz Parktherme W\u00fcstenlauf Bad Radkersburg \u00a0 Triathlon: Austria Triathlon Podersdorf SU Tri Styria Sportbad Auster Eggenberg \u00a0 Weitere: \u00a0 Modellbau Buschenschenke Biggi\u2026","rel":"","context":"\u00c4hnlicher Beitrag","block_context":{"text":"\u00c4hnlicher Beitrag","link":""},"img":{"alt_text":"","src":"","width":0,"height":0},"classes":[]},{"id":68,"url":"http:\/\/www.infidelitas.eu\/?page_id=68","url_meta":{"origin":21,"position":4},"title":"Dieses und Jenes","author":"Thomas","date":"5. August 2014","format":false,"excerpt":"","rel":"","context":"\u00c4hnlicher Beitrag","block_context":{"text":"\u00c4hnlicher Beitrag","link":""},"img":{"alt_text":"","src":"https:\/\/i0.wp.com\/www.infidelitas.eu\/wp-content\/uploads\/2014\/08\/IMG_9112-e1407249836210.jpg?fit=1200%2C372&resize=350%2C200","width":350,"height":200,"srcset":"https:\/\/i0.wp.com\/www.infidelitas.eu\/wp-content\/uploads\/2014\/08\/IMG_9112-e1407249836210.jpg?fit=1200%2C372&resize=350%2C200 1x, https:\/\/i0.wp.com\/www.infidelitas.eu\/wp-content\/uploads\/2014\/08\/IMG_9112-e1407249836210.jpg?fit=1200%2C372&resize=525%2C300 1.5x, https:\/\/i0.wp.com\/www.infidelitas.eu\/wp-content\/uploads\/2014\/08\/IMG_9112-e1407249836210.jpg?fit=1200%2C372&resize=700%2C400 2x, https:\/\/i0.wp.com\/www.infidelitas.eu\/wp-content\/uploads\/2014\/08\/IMG_9112-e1407249836210.jpg?fit=1200%2C372&resize=1050%2C600 3x"},"classes":[]},{"id":63,"url":"http:\/\/www.infidelitas.eu\/?page_id=63","url_meta":{"origin":21,"position":5},"title":"Training","author":"Thomas","date":"5. August 2014","format":false,"excerpt":"","rel":"","context":"\u00c4hnlicher Beitrag","block_context":{"text":"\u00c4hnlicher Beitrag","link":""},"img":{"alt_text":"","src":"","width":0,"height":0},"classes":[]}],"jetpack_likes_enabled":true,"_links":{"self":[{"href":"http:\/\/www.infidelitas.eu\/index.php?rest_route=\/wp\/v2\/pages\/21","targetHints":{"allow":["GET"]}}],"collection":[{"href":"http:\/\/www.infidelitas.eu\/index.php?rest_route=\/wp\/v2\/pages"}],"about":[{"href":"http:\/\/www.infidelitas.eu\/index.php?rest_route=\/wp\/v2\/types\/page"}],"author":[{"embeddable":true,"href":"http:\/\/www.infidelitas.eu\/index.php?rest_route=\/wp\/v2\/users\/1"}],"replies":[{"embeddable":true,"href":"http:\/\/www.infidelitas.eu\/index.php?rest_route=%2Fwp%2Fv2%2Fcomments&post=21"}],"version-history":[{"count":3,"href":"http:\/\/www.infidelitas.eu\/index.php?rest_route=\/wp\/v2\/pages\/21\/revisions"}],"predecessor-version":[{"id":60,"href":"http:\/\/www.infidelitas.eu\/index.php?rest_route=\/wp\/v2\/pages\/21\/revisions\/60"}],"wp:featuredmedia":[{"embeddable":true,"href":"http:\/\/www.infidelitas.eu\/index.php?rest_route=\/wp\/v2\/media\/59"}],"wp:attachment":[{"href":"http:\/\/www.infidelitas.eu\/index.php?rest_route=%2Fwp%2Fv2%2Fmedia&parent=21"}],"curies":[{"name":"wp","href":"https:\/\/api.w.org\/{rel}","templated":true}]}}